{"id":342,"date":"2017-04-13T08:57:04","date_gmt":"2017-04-13T07:57:04","guid":{"rendered":"https:\/\/www.reevenements.org\/?page_id=342"},"modified":"2018-05-09T21:41:10","modified_gmt":"2018-05-09T20:41:10","slug":"elfes-2017","status":"publish","type":"page","link":"https:\/\/www.reevenements.org\/index.php\/elfes-2017\/","title":{"rendered":"Elfes 2017"},"content":{"rendered":"<p><a href=\"https:\/\/www.reevenements.org\/wp-content\/uploads\/2017\/04\/fete-final-768x1086.jpg\"><img loading=\"lazy\" class=\"alignnone size-medium wp-image-331 aligncenter\" src=\"https:\/\/www.reevenements.org\/wp-content\/uploads\/2017\/04\/fete-final-212x300.jpg\" alt=\"\" width=\"212\" height=\"300\" srcset=\"https:\/\/www.reevenements.org\/wp-content\/uploads\/2017\/04\/fete-final-212x300.jpg 212w, https:\/\/www.reevenements.org\/wp-content\/uploads\/2017\/04\/fete-final-768x1086.jpg 768w, https:\/\/www.reevenements.org\/wp-content\/uploads\/2017\/04\/fete-final-724x1024.jpg 724w\" sizes=\"(max-width: 212px) 100vw, 212px\" \/><\/a><\/p>\n<h2 style=\"text-align: center;\">Cette \u00e9dition a \u00e9t\u00e9 un succ\u00e8s, selon les retours re\u00e7us, et surtout la m\u00e9t\u00e9o \u00e9tait avec nous<\/h2>\n<p style=\"text-align: center;\">Merci \u00e0 toutes les associations ayant particip\u00e9 et \u00e0 tous les b\u00e9n\u00e9voles<\/p>\n<p style=\"text-align: center;\">Voici une vid\u00e9o du groupe Oz, qui sera \u00e9galement pr\u00e9sent pour la f\u00eate de la Musique 2017 <a href=\"https:\/\/www.reevenements.org\/wp-content\/uploads\/2017\/05\/IMG_3033.mp4.mov\">cliquez ici <\/a><\/p>\n<p style=\"text-align: center;\">La vid\u00e9o du Kid Bike de Pers-Jussy V\u00e9lo <a href=\"https:\/\/www.facebook.com\/PersJussyVelo\/videos\/1361742280571698\/\" target=\"_blank\" rel=\"noopener noreferrer\">cliquez ici<\/a> et les photos <a href=\"https:\/\/www.facebook.com\/media\/set\/?set=a.1358426360903290.1073741836.1269064186506175&amp;type=3\" target=\"_blank\" rel=\"noopener noreferrer\">ici<\/a><\/p>\n<div id='gallery-1' class='gallery galleryid-342 gallery-columns-4 gallery-size-thumbnail'><figure class='gallery-item'>\n\t\t\t<div class='gallery-icon landscape'>\n\t\t\t\t<a href='https:\/\/www.reevenements.org\/wp-content\/uploads\/2017\/04\/DSC_0097.jpg'><img width=\"150\" height=\"150\" src=\"https:\/\/www.reevenements.org\/wp-content\/uploads\/2017\/04\/DSC_0097-150x150.jpg\" class=\"attachment-thumbnail size-thumbnail\" alt=\"\" loading=\"lazy\" srcset=\"https:\/\/www.reevenements.org\/wp-content\/uploads\/2017\/04\/DSC_0097-150x150.jpg 150w, https:\/\/www.reevenements.org\/wp-content\/uploads\/2017\/04\/DSC_0097-600x600.jpg 600w\" sizes=\"(max-width: 150px) 100vw, 150px\" \/><\/a>\n\t\t\t<\/div><\/figure><figure class='gallery-item'>\n\t\t\t<div class='gallery-icon portrait'>\n\t\t\t\t<a href='https:\/\/www.reevenements.org\/wp-content\/uploads\/2017\/04\/DSC_0136.jpg'><img width=\"150\" height=\"150\" src=\"https:\/\/www.reevenements.org\/wp-content\/uploads\/2017\/04\/DSC_0136-150x150.jpg\" class=\"attachment-thumbnail size-thumbnail\" alt=\"\" loading=\"lazy\" srcset=\"https:\/\/www.reevenements.org\/wp-content\/uploads\/2017\/04\/DSC_0136-150x150.jpg 150w, https:\/\/www.reevenements.org\/wp-content\/uploads\/2017\/04\/DSC_0136-600x600.jpg 600w\" sizes=\"(max-width: 150px) 100vw, 150px\" \/><\/a>\n\t\t\t<\/div><\/figure><figure class='gallery-item'>\n\t\t\t<div class='gallery-icon landscape'>\n\t\t\t\t<a href='https:\/\/www.reevenements.org\/wp-content\/uploads\/2017\/04\/DSC_0134.jpg'><img width=\"150\" height=\"150\" src=\"https:\/\/www.reevenements.org\/wp-content\/uploads\/2017\/04\/DSC_0134-150x150.jpg\" class=\"attachment-thumbnail size-thumbnail\" alt=\"\" loading=\"lazy\" srcset=\"https:\/\/www.reevenements.org\/wp-content\/uploads\/2017\/04\/DSC_0134-150x150.jpg 150w, https:\/\/www.reevenements.org\/wp-content\/uploads\/2017\/04\/DSC_0134-600x600.jpg 600w\" sizes=\"(max-width: 150px) 100vw, 150px\" \/><\/a>\n\t\t\t<\/div><\/figure><figure class='gallery-item'>\n\t\t\t<div class='gallery-icon landscape'>\n\t\t\t\t<a href='https:\/\/www.reevenements.org\/wp-content\/uploads\/2017\/04\/DSC_0133.jpg'><img width=\"150\" height=\"150\" src=\"https:\/\/www.reevenements.org\/wp-content\/uploads\/2017\/04\/DSC_0133-150x150.jpg\" class=\"attachment-thumbnail size-thumbnail\" alt=\"\" loading=\"lazy\" srcset=\"https:\/\/www.reevenements.org\/wp-content\/uploads\/2017\/04\/DSC_0133-150x150.jpg 150w, https:\/\/www.reevenements.org\/wp-content\/uploads\/2017\/04\/DSC_0133-600x600.jpg 600w\" sizes=\"(max-width: 150px) 100vw, 150px\" \/><\/a>\n\t\t\t<\/div><\/figure><figure class='gallery-item'>\n\t\t\t<div class='gallery-icon landscape'>\n\t\t\t\t<a href='https:\/\/www.reevenements.org\/wp-content\/uploads\/2017\/04\/DSC_0131.jpg'><img width=\"150\" height=\"150\" src=\"https:\/\/www.reevenements.org\/wp-content\/uploads\/2017\/04\/DSC_0131-150x150.jpg\" class=\"attachment-thumbnail size-thumbnail\" alt=\"\" loading=\"lazy\" srcset=\"https:\/\/www.reevenements.org\/wp-content\/uploads\/2017\/04\/DSC_0131-150x150.jpg 150w, https:\/\/www.reevenements.org\/wp-content\/uploads\/2017\/04\/DSC_0131-600x600.jpg 600w\" sizes=\"(max-width: 150px) 100vw, 150px\" \/><\/a>\n\t\t\t<\/div><\/figure><figure class='gallery-item'>\n\t\t\t<div class='gallery-icon landscape'>\n\t\t\t\t<a href='https:\/\/www.reevenements.org\/wp-content\/uploads\/2017\/04\/DSC_0130.jpg'><img width=\"150\" height=\"150\" src=\"https:\/\/www.reevenements.org\/wp-content\/uploads\/2017\/04\/DSC_0130-150x150.jpg\" class=\"attachment-thumbnail size-thumbnail\" alt=\"\" loading=\"lazy\" srcset=\"https:\/\/www.reevenements.org\/wp-content\/uploads\/2017\/04\/DSC_0130-150x150.jpg 150w, https:\/\/www.reevenements.org\/wp-content\/uploads\/2017\/04\/DSC_0130-600x600.jpg 600w\" sizes=\"(max-width: 150px) 100vw, 150px\" \/><\/a>\n\t\t\t<\/div><\/figure><figure class='gallery-item'>\n\t\t\t<div class='gallery-icon landscape'>\n\t\t\t\t<a href='https:\/\/www.reevenements.org\/wp-content\/uploads\/2017\/04\/DSC_0129.jpg'><img width=\"150\" height=\"150\" src=\"https:\/\/www.reevenements.org\/wp-content\/uploads\/2017\/04\/DSC_0129-150x150.jpg\" class=\"attachment-thumbnail size-thumbnail\" alt=\"\" loading=\"lazy\" srcset=\"https:\/\/www.reevenements.org\/wp-content\/uploads\/2017\/04\/DSC_0129-150x150.jpg 150w, https:\/\/www.reevenements.org\/wp-content\/uploads\/2017\/04\/DSC_0129-600x600.jpg 600w\" sizes=\"(max-width: 150px) 100vw, 150px\" \/><\/a>\n\t\t\t<\/div><\/figure><figure class='gallery-item'>\n\t\t\t<div class='gallery-icon landscape'>\n\t\t\t\t<a href='https:\/\/www.reevenements.org\/wp-content\/uploads\/2017\/04\/DSC_0128.jpg'><img width=\"150\" height=\"150\" src=\"https:\/\/www.reevenements.org\/wp-content\/uploads\/2017\/04\/DSC_0128-150x150.jpg\" class=\"attachment-thumbnail size-thumbnail\" alt=\"\" loading=\"lazy\" srcset=\"https:\/\/www.reevenements.org\/wp-content\/uploads\/2017\/04\/DSC_0128-150x150.jpg 150w, https:\/\/www.reevenements.org\/wp-content\/uploads\/2017\/04\/DSC_0128-600x600.jpg 600w\" sizes=\"(max-width: 150px) 100vw, 150px\" \/><\/a>\n\t\t\t<\/div><\/figure><figure class='gallery-item'>\n\t\t\t<div class='gallery-icon landscape'>\n\t\t\t\t<a href='https:\/\/www.reevenements.org\/wp-content\/uploads\/2017\/04\/DSC_0127.jpg'><img width=\"150\" height=\"150\" src=\"https:\/\/www.reevenements.org\/wp-content\/uploads\/2017\/04\/DSC_0127-150x150.jpg\" class=\"attachment-thumbnail size-thumbnail\" alt=\"\" loading=\"lazy\" srcset=\"https:\/\/www.reevenements.org\/wp-content\/uploads\/2017\/04\/DSC_0127-150x150.jpg 150w, https:\/\/www.reevenements.org\/wp-content\/uploads\/2017\/04\/DSC_0127-600x600.jpg 600w\" sizes=\"(max-width: 150px) 100vw, 150px\" \/><\/a>\n\t\t\t<\/div><\/figure><figure class='gallery-item'>\n\t\t\t<div class='gallery-icon landscape'>\n\t\t\t\t<a href='https:\/\/www.reevenements.org\/wp-content\/uploads\/2017\/04\/DSC_0126.jpg'><img width=\"150\" height=\"150\" src=\"https:\/\/www.reevenements.org\/wp-content\/uploads\/2017\/04\/DSC_0126-150x150.jpg\" class=\"attachment-thumbnail size-thumbnail\" alt=\"\" loading=\"lazy\" srcset=\"https:\/\/www.reevenements.org\/wp-content\/uploads\/2017\/04\/DSC_0126-150x150.jpg 150w, https:\/\/www.reevenements.org\/wp-content\/uploads\/2017\/04\/DSC_0126-600x600.jpg 600w\" sizes=\"(max-width: 150px) 100vw, 150px\" \/><\/a>\n\t\t\t<\/div><\/figure><figure class='gallery-item'>\n\t\t\t<div class='gallery-icon landscape'>\n\t\t\t\t<a href='https:\/\/www.reevenements.org\/wp-content\/uploads\/2017\/04\/DSC_0125.jpg'><img width=\"150\" height=\"150\" src=\"https:\/\/www.reevenements.org\/wp-content\/uploads\/2017\/04\/DSC_0125-150x150.jpg\" class=\"attachment-thumbnail size-thumbnail\" alt=\"\" loading=\"lazy\" srcset=\"https:\/\/www.reevenements.org\/wp-content\/uploads\/2017\/04\/DSC_0125-150x150.jpg 150w, https:\/\/www.reevenements.org\/wp-content\/uploads\/2017\/04\/DSC_0125-600x600.jpg 600w\" sizes=\"(max-width: 150px) 100vw, 150px\" \/><\/a>\n\t\t\t<\/div><\/figure><figure class='gallery-item'>\n\t\t\t<div class='gallery-icon landscape'>\n\t\t\t\t<a href='https:\/\/www.reevenements.org\/wp-content\/uploads\/2017\/04\/DSC_0124.jpg'><img width=\"150\" height=\"150\" src=\"https:\/\/www.reevenements.org\/wp-content\/uploads\/2017\/04\/DSC_0124-150x150.jpg\" class=\"attachment-thumbnail size-thumbnail\" alt=\"\" loading=\"lazy\" srcset=\"https:\/\/www.reevenements.org\/wp-content\/uploads\/2017\/04\/DSC_0124-150x150.jpg 150w, https:\/\/www.reevenements.org\/wp-content\/uploads\/2017\/04\/DSC_0124-600x600.jpg 600w\" sizes=\"(max-width: 150px) 100vw, 150px\" \/><\/a>\n\t\t\t<\/div><\/figure><figure class='gallery-item'>\n\t\t\t<div class='gallery-icon landscape'>\n\t\t\t\t<a href='https:\/\/www.reevenements.org\/wp-content\/uploads\/2017\/04\/DSC_0123.jpg'><img width=\"150\" height=\"150\" src=\"https:\/\/www.reevenements.org\/wp-content\/uploads\/2017\/04\/DSC_0123-150x150.jpg\" class=\"attachment-thumbnail size-thumbnail\" alt=\"\" loading=\"lazy\" srcset=\"https:\/\/www.reevenements.org\/wp-content\/uploads\/2017\/04\/DSC_0123-150x150.jpg 150w, https:\/\/www.reevenements.org\/wp-content\/uploads\/2017\/04\/DSC_0123-600x600.jpg 600w\" sizes=\"(max-width: 150px) 100vw, 150px\" \/><\/a>\n\t\t\t<\/div><\/figure><figure class='gallery-item'>\n\t\t\t<div class='gallery-icon landscape'>\n\t\t\t\t<a href='https:\/\/www.reevenements.org\/wp-content\/uploads\/2017\/04\/DSC_0122.jpg'><img width=\"150\" height=\"150\" src=\"https:\/\/www.reevenements.org\/wp-content\/uploads\/2017\/04\/DSC_0122-150x150.jpg\" class=\"attachment-thumbnail size-thumbnail\" alt=\"\" loading=\"lazy\" srcset=\"https:\/\/www.reevenements.org\/wp-content\/uploads\/2017\/04\/DSC_0122-150x150.jpg 150w, https:\/\/www.reevenements.org\/wp-content\/uploads\/2017\/04\/DSC_0122-600x600.jpg 600w\" sizes=\"(max-width: 150px) 100vw, 150px\" \/><\/a>\n\t\t\t<\/div><\/figure><figure class='gallery-item'>\n\t\t\t<div class='gallery-icon landscape'>\n\t\t\t\t<a href='https:\/\/www.reevenements.org\/wp-content\/uploads\/2017\/04\/DSC_0120.jpg'><img width=\"150\" height=\"150\" src=\"https:\/\/www.reevenements.org\/wp-content\/uploads\/2017\/04\/DSC_0120-150x150.jpg\" class=\"attachment-thumbnail size-thumbnail\" alt=\"\" loading=\"lazy\" srcset=\"https:\/\/www.reevenements.org\/wp-content\/uploads\/2017\/04\/DSC_0120-150x150.jpg 150w, https:\/\/www.reevenements.org\/wp-content\/uploads\/2017\/04\/DSC_0120-600x600.jpg 600w\" sizes=\"(max-width: 150px) 100vw, 150px\" \/><\/a>\n\t\t\t<\/div><\/figure><figure class='gallery-item'>\n\t\t\t<div class='gallery-icon landscape'>\n\t\t\t\t<a href='https:\/\/www.reevenements.org\/wp-content\/uploads\/2017\/04\/DSC_0119.jpg'><img width=\"150\" height=\"150\" src=\"https:\/\/www.reevenements.org\/wp-content\/uploads\/2017\/04\/DSC_0119-150x150.jpg\" class=\"attachment-thumbnail size-thumbnail\" alt=\"\" loading=\"lazy\" srcset=\"https:\/\/www.reevenements.org\/wp-content\/uploads\/2017\/04\/DSC_0119-150x150.jpg 150w, https:\/\/www.reevenements.org\/wp-content\/uploads\/2017\/04\/DSC_0119-600x600.jpg 600w\" sizes=\"(max-width: 150px) 100vw, 150px\" \/><\/a>\n\t\t\t<\/div><\/figure><figure class='gallery-item'>\n\t\t\t<div class='gallery-icon landscape'>\n\t\t\t\t<a href='https:\/\/www.reevenements.org\/wp-content\/uploads\/2017\/04\/DSC_0118.jpg'><img width=\"150\" height=\"150\" src=\"https:\/\/www.reevenements.org\/wp-content\/uploads\/2017\/04\/DSC_0118-150x150.jpg\" class=\"attachment-thumbnail size-thumbnail\" alt=\"\" loading=\"lazy\" srcset=\"https:\/\/www.reevenements.org\/wp-content\/uploads\/2017\/04\/DSC_0118-150x150.jpg 150w, https:\/\/www.reevenements.org\/wp-content\/uploads\/2017\/04\/DSC_0118-600x600.jpg 600w\" sizes=\"(max-width: 150px) 100vw, 150px\" \/><\/a>\n\t\t\t<\/div><\/figure><figure class='gallery-item'>\n\t\t\t<div class='gallery-icon landscape'>\n\t\t\t\t<a href='https:\/\/www.reevenements.org\/wp-content\/uploads\/2017\/04\/DSC_0116.jpg'><img width=\"150\" height=\"150\" src=\"https:\/\/www.reevenements.org\/wp-content\/uploads\/2017\/04\/DSC_0116-150x150.jpg\" class=\"attachment-thumbnail size-thumbnail\" alt=\"\" loading=\"lazy\" srcset=\"https:\/\/www.reevenements.org\/wp-content\/uploads\/2017\/04\/DSC_0116-150x150.jpg 150w, https:\/\/www.reevenements.org\/wp-content\/uploads\/2017\/04\/DSC_0116-600x600.jpg 600w\" sizes=\"(max-width: 150px) 100vw, 150px\" \/><\/a>\n\t\t\t<\/div><\/figure><figure class='gallery-item'>\n\t\t\t<div class='gallery-icon landscape'>\n\t\t\t\t<a href='https:\/\/www.reevenements.org\/wp-content\/uploads\/2017\/04\/DSC_0115.jpg'><img width=\"150\" height=\"150\" src=\"https:\/\/www.reevenements.org\/wp-content\/uploads\/2017\/04\/DSC_0115-150x150.jpg\" class=\"attachment-thumbnail size-thumbnail\" alt=\"\" loading=\"lazy\" srcset=\"https:\/\/www.reevenements.org\/wp-content\/uploads\/2017\/04\/DSC_0115-150x150.jpg 150w, https:\/\/www.reevenements.org\/wp-content\/uploads\/2017\/04\/DSC_0115-600x600.jpg 600w\" sizes=\"(max-width: 150px) 100vw, 150px\" \/><\/a>\n\t\t\t<\/div><\/figure><figure class='gallery-item'>\n\t\t\t<div class='gallery-icon landscape'>\n\t\t\t\t<a href='https:\/\/www.reevenements.org\/wp-content\/uploads\/2017\/04\/DSC_0114.jpg'><img width=\"150\" height=\"150\" src=\"https:\/\/www.reevenements.org\/wp-content\/uploads\/2017\/04\/DSC_0114-150x150.jpg\" class=\"attachment-thumbnail size-thumbnail\" alt=\"\" loading=\"lazy\" srcset=\"https:\/\/www.reevenements.org\/wp-content\/uploads\/2017\/04\/DSC_0114-150x150.jpg 150w, https:\/\/www.reevenements.org\/wp-content\/uploads\/2017\/04\/DSC_0114-600x600.jpg 600w\" sizes=\"(max-width: 150px) 100vw, 150px\" \/><\/a>\n\t\t\t<\/div><\/figure><figure class='gallery-item'>\n\t\t\t<div class='gallery-icon landscape'>\n\t\t\t\t<a href='https:\/\/www.reevenements.org\/wp-content\/uploads\/2017\/04\/DSC_0112.jpg'><img width=\"150\" height=\"150\" src=\"https:\/\/www.reevenements.org\/wp-content\/uploads\/2017\/04\/DSC_0112-150x150.jpg\" class=\"attachment-thumbnail size-thumbnail\" alt=\"\" loading=\"lazy\" srcset=\"https:\/\/www.reevenements.org\/wp-content\/uploads\/2017\/04\/DSC_0112-150x150.jpg 150w, https:\/\/www.reevenements.org\/wp-content\/uploads\/2017\/04\/DSC_0112-600x600.jpg 600w\" sizes=\"(max-width: 150px) 100vw, 150px\" \/><\/a>\n\t\t\t<\/div><\/figure><figure class='gallery-item'>\n\t\t\t<div class='gallery-icon landscape'>\n\t\t\t\t<a href='https:\/\/www.reevenements.org\/wp-content\/uploads\/2017\/04\/DSC_0111.jpg'><img width=\"150\" height=\"150\" src=\"https:\/\/www.reevenements.org\/wp-content\/uploads\/2017\/04\/DSC_0111-150x150.jpg\" class=\"attachment-thumbnail size-thumbnail\" alt=\"\" loading=\"lazy\" srcset=\"https:\/\/www.reevenements.org\/wp-content\/uploads\/2017\/04\/DSC_0111-150x150.jpg 150w, https:\/\/www.reevenements.org\/wp-content\/uploads\/2017\/04\/DSC_0111-600x600.jpg 600w\" sizes=\"(max-width: 150px) 100vw, 150px\" \/><\/a>\n\t\t\t<\/div><\/figure><figure class='gallery-item'>\n\t\t\t<div class='gallery-icon landscape'>\n\t\t\t\t<a href='https:\/\/www.reevenements.org\/wp-content\/uploads\/2017\/04\/DSC_0110.jpg'><img width=\"150\" height=\"150\" src=\"https:\/\/www.reevenements.org\/wp-content\/uploads\/2017\/04\/DSC_0110-150x150.jpg\" class=\"attachment-thumbnail size-thumbnail\" alt=\"\" loading=\"lazy\" srcset=\"https:\/\/www.reevenements.org\/wp-content\/uploads\/2017\/04\/DSC_0110-150x150.jpg 150w, https:\/\/www.reevenements.org\/wp-content\/uploads\/2017\/04\/DSC_0110-600x600.jpg 600w\" sizes=\"(max-width: 150px) 100vw, 150px\" \/><\/a>\n\t\t\t<\/div><\/figure><figure class='gallery-item'>\n\t\t\t<div class='gallery-icon landscape'>\n\t\t\t\t<a href='https:\/\/www.reevenements.org\/wp-content\/uploads\/2017\/04\/DSC_0109.jpg'><img width=\"150\" height=\"150\" src=\"https:\/\/www.reevenements.org\/wp-content\/uploads\/2017\/04\/DSC_0109-150x150.jpg\" class=\"attachment-thumbnail size-thumbnail\" alt=\"\" loading=\"lazy\" srcset=\"https:\/\/www.reevenements.org\/wp-content\/uploads\/2017\/04\/DSC_0109-150x150.jpg 150w, https:\/\/www.reevenements.org\/wp-content\/uploads\/2017\/04\/DSC_0109-600x600.jpg 600w\" sizes=\"(max-width: 150px) 100vw, 150px\" \/><\/a>\n\t\t\t<\/div><\/figure><figure class='gallery-item'>\n\t\t\t<div class='gallery-icon landscape'>\n\t\t\t\t<a href='https:\/\/www.reevenements.org\/wp-content\/uploads\/2017\/04\/DSC_0108.jpg'><img width=\"150\" height=\"150\" src=\"https:\/\/www.reevenements.org\/wp-content\/uploads\/2017\/04\/DSC_0108-150x150.jpg\" class=\"attachment-thumbnail size-thumbnail\" alt=\"\" loading=\"lazy\" srcset=\"https:\/\/www.reevenements.org\/wp-content\/uploads\/2017\/04\/DSC_0108-150x150.jpg 150w, https:\/\/www.reevenements.org\/wp-content\/uploads\/2017\/04\/DSC_0108-600x600.jpg 600w\" sizes=\"(max-width: 150px) 100vw, 150px\" \/><\/a>\n\t\t\t<\/div><\/figure><figure class='gallery-item'>\n\t\t\t<div class='gallery-icon landscape'>\n\t\t\t\t<a href='https:\/\/www.reevenements.org\/wp-content\/uploads\/2017\/04\/DSC_0105.jpg'><img width=\"150\" height=\"150\" src=\"https:\/\/www.reevenements.org\/wp-content\/uploads\/2017\/04\/DSC_0105-150x150.jpg\" class=\"attachment-thumbnail size-thumbnail\" alt=\"\" loading=\"lazy\" srcset=\"https:\/\/www.reevenements.org\/wp-content\/uploads\/2017\/04\/DSC_0105-150x150.jpg 150w, https:\/\/www.reevenements.org\/wp-content\/uploads\/2017\/04\/DSC_0105-600x600.jpg 600w\" sizes=\"(max-width: 150px) 100vw, 150px\" \/><\/a>\n\t\t\t<\/div><\/figure><figure class='gallery-item'>\n\t\t\t<div class='gallery-icon portrait'>\n\t\t\t\t<a href='https:\/\/www.reevenements.org\/wp-content\/uploads\/2017\/04\/DSC_0102.jpg'><img width=\"150\" height=\"150\" src=\"https:\/\/www.reevenements.org\/wp-content\/uploads\/2017\/04\/DSC_0102-150x150.jpg\" class=\"attachment-thumbnail size-thumbnail\" alt=\"\" loading=\"lazy\" srcset=\"https:\/\/www.reevenements.org\/wp-content\/uploads\/2017\/04\/DSC_0102-150x150.jpg 150w, https:\/\/www.reevenements.org\/wp-content\/uploads\/2017\/04\/DSC_0102-600x600.jpg 600w\" sizes=\"(max-width: 150px) 100vw, 150px\" \/><\/a>\n\t\t\t<\/div><\/figure><figure class='gallery-item'>\n\t\t\t<div class='gallery-icon landscape'>\n\t\t\t\t<a href='https:\/\/www.reevenements.org\/wp-content\/uploads\/2017\/04\/DSC_0101.jpg'><img width=\"150\" height=\"150\" src=\"https:\/\/www.reevenements.org\/wp-content\/uploads\/2017\/04\/DSC_0101-150x150.jpg\" class=\"attachment-thumbnail size-thumbnail\" alt=\"\" loading=\"lazy\" srcset=\"https:\/\/www.reevenements.org\/wp-content\/uploads\/2017\/04\/DSC_0101-150x150.jpg 150w, https:\/\/www.reevenements.org\/wp-content\/uploads\/2017\/04\/DSC_0101-600x600.jpg 600w\" sizes=\"(max-width: 150px) 100vw, 150px\" \/><\/a>\n\t\t\t<\/div><\/figure><figure class='gallery-item'>\n\t\t\t<div class='gallery-icon landscape'>\n\t\t\t\t<a href='https:\/\/www.reevenements.org\/wp-content\/uploads\/2017\/04\/DSC_0100.jpg'><img width=\"150\" height=\"150\" src=\"https:\/\/www.reevenements.org\/wp-content\/uploads\/2017\/04\/DSC_0100-150x150.jpg\" class=\"attachment-thumbnail size-thumbnail\" alt=\"\" loading=\"lazy\" srcset=\"https:\/\/www.reevenements.org\/wp-content\/uploads\/2017\/04\/DSC_0100-150x150.jpg 150w, https:\/\/www.reevenements.org\/wp-content\/uploads\/2017\/04\/DSC_0100-600x600.jpg 600w\" sizes=\"(max-width: 150px) 100vw, 150px\" \/><\/a>\n\t\t\t<\/div><\/figure><figure class='gallery-item'>\n\t\t\t<div class='gallery-icon landscape'>\n\t\t\t\t<a href='https:\/\/www.reevenements.org\/wp-content\/uploads\/2017\/04\/DSC_0099.jpg'><img width=\"150\" height=\"150\" src=\"https:\/\/www.reevenements.org\/wp-content\/uploads\/2017\/04\/DSC_0099-150x150.jpg\" class=\"attachment-thumbnail size-thumbnail\" alt=\"\" loading=\"lazy\" srcset=\"https:\/\/www.reevenements.org\/wp-content\/uploads\/2017\/04\/DSC_0099-150x150.jpg 150w, https:\/\/www.reevenements.org\/wp-content\/uploads\/2017\/04\/DSC_0099-600x600.jpg 600w\" sizes=\"(max-width: 150px) 100vw, 150px\" \/><\/a>\n\t\t\t<\/div><\/figure><figure class='gallery-item'>\n\t\t\t<div class='gallery-icon landscape'>\n\t\t\t\t<a href='https:\/\/www.reevenements.org\/wp-content\/uploads\/2017\/04\/DSC_0097-1.jpg'><img width=\"150\" height=\"150\" src=\"https:\/\/www.reevenements.org\/wp-content\/uploads\/2017\/04\/DSC_0097-1-150x150.jpg\" class=\"attachment-thumbnail size-thumbnail\" alt=\"\" loading=\"lazy\" srcset=\"https:\/\/www.reevenements.org\/wp-content\/uploads\/2017\/04\/DSC_0097-1-150x150.jpg 150w, https:\/\/www.reevenements.org\/wp-content\/uploads\/2017\/04\/DSC_0097-1-600x600.jpg 600w\" sizes=\"(max-width: 150px) 100vw, 150px\" \/><\/a>\n\t\t\t<\/div><\/figure><figure class='gallery-item'>\n\t\t\t<div class='gallery-icon landscape'>\n\t\t\t\t<a href='https:\/\/www.reevenements.org\/wp-content\/uploads\/2017\/04\/DSC_0143.jpg'><img width=\"150\" height=\"150\" src=\"https:\/\/www.reevenements.org\/wp-content\/uploads\/2017\/04\/DSC_0143-150x150.jpg\" class=\"attachment-thumbnail size-thumbnail\" alt=\"\" loading=\"lazy\" srcset=\"https:\/\/www.reevenements.org\/wp-content\/uploads\/2017\/04\/DSC_0143-150x150.jpg 150w, https:\/\/www.reevenements.org\/wp-content\/uploads\/2017\/04\/DSC_0143-600x600.jpg 600w\" sizes=\"(max-width: 150px) 100vw, 150px\" \/><\/a>\n\t\t\t<\/div><\/figure><figure class='gallery-item'>\n\t\t\t<div class='gallery-icon landscape'>\n\t\t\t\t<a href='https:\/\/www.reevenements.org\/wp-content\/uploads\/2017\/04\/DSC_0141.jpg'><img width=\"150\" height=\"150\" src=\"https:\/\/www.reevenements.org\/wp-content\/uploads\/2017\/04\/DSC_0141-150x150.jpg\" class=\"attachment-thumbnail size-thumbnail\" alt=\"\" loading=\"lazy\" srcset=\"https:\/\/www.reevenements.org\/wp-content\/uploads\/2017\/04\/DSC_0141-150x150.jpg 150w, https:\/\/www.reevenements.org\/wp-content\/uploads\/2017\/04\/DSC_0141-600x600.jpg 600w\" sizes=\"(max-width: 150px) 100vw, 150px\" \/><\/a>\n\t\t\t<\/div><\/figure><figure class='gallery-item'>\n\t\t\t<div class='gallery-icon landscape'>\n\t\t\t\t<a href='https:\/\/www.reevenements.org\/wp-content\/uploads\/2017\/04\/DSC_0140.jpg'><img width=\"150\" height=\"150\" src=\"https:\/\/www.reevenements.org\/wp-content\/uploads\/2017\/04\/DSC_0140-150x150.jpg\" class=\"attachment-thumbnail size-thumbnail\" alt=\"\" loading=\"lazy\" srcset=\"https:\/\/www.reevenements.org\/wp-content\/uploads\/2017\/04\/DSC_0140-150x150.jpg 150w, https:\/\/www.reevenements.org\/wp-content\/uploads\/2017\/04\/DSC_0140-600x600.jpg 600w\" sizes=\"(max-width: 150px) 100vw, 150px\" \/><\/a>\n\t\t\t<\/div><\/figure><figure class='gallery-item'>\n\t\t\t<div class='gallery-icon landscape'>\n\t\t\t\t<a href='https:\/\/www.reevenements.org\/wp-content\/uploads\/2017\/04\/DSC_0139.jpg'><img width=\"150\" height=\"150\" src=\"https:\/\/www.reevenements.org\/wp-content\/uploads\/2017\/04\/DSC_0139-150x150.jpg\" class=\"attachment-thumbnail size-thumbnail\" alt=\"\" loading=\"lazy\" srcset=\"https:\/\/www.reevenements.org\/wp-content\/uploads\/2017\/04\/DSC_0139-150x150.jpg 150w, https:\/\/www.reevenements.org\/wp-content\/uploads\/2017\/04\/DSC_0139-600x600.jpg 600w\" sizes=\"(max-width: 150px) 100vw, 150px\" \/><\/a>\n\t\t\t<\/div><\/figure>\n\t\t<\/div>\n\n<p><!--more--><\/p>\n<h2 style=\"text-align: center;\">Programme :<\/h2>\n<p style=\"text-align: center;\">&#8211; Plateau Kid Bike propos\u00e9 par <strong><a href=\"https:\/\/www.reevenements.org\/index.php\/pers-jussy-velo\/\" target=\"blank\">Pers-Jussy V\u00e9lo<\/a><\/strong><\/p>\n<p style=\"text-align: center;\">&#8211; Parcours en fauteuil propos\u00e9 par <a href=\"https:\/\/www.reevenements.org\/index.php\/kyfekoi\/\" target=\"blank\"><strong>KyF\u00e9Koi<\/strong><\/a><\/p>\n<p style=\"text-align: center;\">&#8211; Tennis Ballon propos\u00e9 par <a href=\"https:\/\/www.reevenements.org\/index.php\/jsr\/\" target=\"blank\"><strong>La Jonquille Sportive<\/strong><\/a><\/p>\n<p style=\"text-align: center;\">&#8211; Spectacles d&rsquo;improvisation propos\u00e9s par <a href=\"https:\/\/www.reevenements.org\/index.php\/impropulses\/\" target=\"blank\"><strong>Les ImproPuls\u00e9s<\/strong><\/a><\/p>\n<p style=\"text-align: center;\">&#8211; Baby Foot G\u00e9ant<\/p>\n<p style=\"text-align: center;\">&#8211; Jeux de Soci\u00e9t\u00e9 G\u00e9ants<\/p>\n<p style=\"text-align: center;\">&#8211; Animations Musicales<\/p>\n<p style=\"text-align: center;\">&#8211; Et bien d&rsquo;autres Surprises !&#8230;<\/p>\n<p style=\"text-align: center;\"><u>Si vous souhaitez \u00eatre b\u00e9n\u00e9voles, RDV ici :<\/u><\/p>\n<p style=\"text-align: center;\"><a href=\"http:\/\/www.reevenements.org\/benevoles\">www.reevenements.org\/benevoles<\/a><\/p>\n<p style=\"text-align: center;\">Ils en parlent :<\/p>\n<p style=\"text-align: center;\"><a href=\"http:\/\/www.lemessager.fr\/genevois\/reignier-esery-reeve-en-appelle-a-la-mobilisation-des-ia928b931n177782\" target=\"blank\">le Messager<\/a><\/p>\n","protected":false},"excerpt":{"rendered":"<p>Cette \u00e9dition a \u00e9t\u00e9 un succ\u00e8s, selon les retours re\u00e7us, et surtout la m\u00e9t\u00e9o \u00e9tait avec nous Merci \u00e0 toutes les associations ayant particip\u00e9 et \u00e0 tous les b\u00e9n\u00e9voles Voici<\/p>\n<p class=\"more-link\"><a href=\"https:\/\/www.reevenements.org\/index.php\/elfes-2017\/\" class=\"readmore\">Continue reading<span class=\"screen-reader-text\">Elfes 2017<\/span><\/a><\/p>\n","protected":false},"author":2,"featured_media":0,"parent":0,"menu_order":0,"comment_status":"closed","ping_status":"closed","template":"","meta":[],"_links":{"self":[{"href":"https:\/\/www.reevenements.org\/index.php\/wp-json\/wp\/v2\/pages\/342"}],"collection":[{"href":"https:\/\/www.reevenements.org\/index.php\/wp-json\/wp\/v2\/pages"}],"about":[{"href":"https:\/\/www.reevenements.org\/index.php\/wp-json\/wp\/v2\/types\/page"}],"author":[{"embeddable":true,"href":"https:\/\/www.reevenements.org\/index.php\/wp-json\/wp\/v2\/users\/2"}],"replies":[{"embeddable":true,"href":"https:\/\/www.reevenements.org\/index.php\/wp-json\/wp\/v2\/comments?post=342"}],"version-history":[{"count":22,"href":"https:\/\/www.reevenements.org\/index.php\/wp-json\/wp\/v2\/pages\/342\/revisions"}],"predecessor-version":[{"id":513,"href":"https:\/\/www.reevenements.org\/index.php\/wp-json\/wp\/v2\/pages\/342\/revisions\/513"}],"wp:attachment":[{"href":"https:\/\/www.reevenements.org\/index.php\/wp-json\/wp\/v2\/media?parent=342"}],"curies":[{"name":"wp","href":"https:\/\/api.w.org\/{rel}","templated":true}]}}